{"id":20537,"date":"2020-04-29T15:16:53","date_gmt":"2020-04-29T13:16:53","guid":{"rendered":"https:\/\/firstcitiz.com\/?page_id=20537"},"modified":"2023-10-12T19:37:54","modified_gmt":"2023-10-12T17:37:54","slug":"impressum","status":"publish","type":"page","link":"https:\/\/clone.firstcitiz.com\/de\/impressum","title":{"rendered":"Impressum"},"content":{"rendered":"\n<h1 style=\"text-align: center;\">Impressum<\/h1>\n\n\n\n<hr class=\"wp-block-separator has-text-color has-luminous-vivid-orange-color has-css-opacity has-luminous-vivid-orange-background-color has-background is-style-wide\"\/>\n\n\n\n<p>First Citiz GmbH ist eine Immobilienagentur mit Sitz in Berlin.<\/p>\n<p>Name der Firma: First Citiz GmbH<\/p>\n<p>Firmenanschrift: Pappelallee 11, 10437 Berlin<\/p>\n<p>Tel : +49 (0)30 41 71 72 74<\/p>\n<p>E-Mail: <a href=\"mailto:contact@firstcitiz.com\">contact@firstcitiz.com<\/a><\/p>\n<p>\u00a0<\/p>\n<p>Registergericht: Amtsgericht Charlottenburg, HR-Nr. HRB 158620 B<\/p>\n<p style=\"text-align: justify;\">Gesch\u00e4ftsfuhrer: Dhaker HAJ ALI<\/p>\n<p style=\"text-align: justify;\">Umsatzsteuer-ID: 37\/286\/31185<\/p>\n<p style=\"text-align: justify;\">EU-Umsatzsteuer-ID: DE295101629<\/p>\n<p style=\"text-align: justify;\">Gewerbeerlaubnis, \u00a7 34c GewO erteilt vom Bezirksamt Pankow von Berlin.<\/p>\n<p>\u00a0<\/p>\n<p style=\"text-align: justify;\">Die Dom\u00e4nen Firstcitiz.com und Firstcitiz.de sind vollst\u00e4ndiges Eigentum der First Citiz GmbH. Die unerlaubte Verwendung, vollst\u00e4ndig oder partiell, ist verboten.<\/p>\n<p style=\"text-align: justify;\">First Citiz ist eine eingetragene Marke. Jede teilweise oder vollst\u00e4ndige private oder kommerzielle Verwendung der Marke First Citiz ist strengstens untersagt.<\/p>\n<p>First Citiz Berlin ist ein Handelsname von First Citiz GmbH.<\/p>\n<p>Online-Streitbeilegung gem\u00e4\u00df Art. 14 Abs. 1 ODR-VO: Die Europ\u00e4ische Kommission stellt eine Plattform zur Online-Streitbeilegung (OS) bereit, die Sie unter\u00a0<a href=\"https:\/\/ec.europa.eu\/consumers\/odr\/\" target=\"_blank\" rel=\"nofollow noopener noreferrer\">https:\/\/ec.europa.eu\/consumers\/odr\/<\/a>\u00a0finden.<\/p>\n","protected":false},"excerpt":{"rendered":"<p>Impressum First Citiz GmbH ist eine Immobilienagentur mit Sitz in Berlin. Name der Firma: First Citiz GmbH Firmenanschrift: Pappelallee 11, 10437 Berlin Tel : +49 (0)30 41 71 72 74 E-Mail: contact@firstcitiz.com \u00a0 Registergericht: Amtsgericht Charlottenburg, HR-Nr. HRB 158620 B Gesch\u00e4ftsfuhrer: Dhaker HAJ ALI Umsatzsteuer-ID: 37\/286\/31185 EU-Umsatzsteuer-ID: DE295101629 Gewerbeerlaubnis, \u00a7 34c GewO erteilt vom Bezirksamt &#8230; <a title=\"Impressum\" class=\"read-more\" href=\"https:\/\/clone.firstcitiz.com\/de\/impressum\" aria-label=\"Mehr Informationen \u00fcber Impressum\">Weiterlesen<\/a><\/p>\n","protected":false},"author":1,"featured_media":0,"parent":0,"menu_order":0,"comment_status":"closed","ping_status":"closed","template":"","meta":{"footnotes":""},"class_list":["post-20537","page","type-page","status-publish"],"yoast_head":"<!-- This site is optimized with the Yoast SEO Premium plugin v22.3 (Yoast SEO v27.3) - https:\/\/yoast.com\/product\/yoast-seo-premium-wordpress\/ -->\n<title>Impressum | First Citiz Berlin<\/title>\n<meta name=\"description\" content=\"First Citiz GmbH ist eine Immobilienagentur mit Sitz in Berlin. Registergericht: Amtsgericht Charlottenburg, HR-Nr. HRB 158620 B\" \/>\n<meta name=\"robots\" content=\"index, follow, max-snippet:-1, max-image-preview:large, max-video-preview:-1\" \/>\n<link rel=\"canonical\" href=\"https:\/\/clone.firstcitiz.com\/de\/impressum\" \/>\n<meta property=\"og:locale\" content=\"de_DE\" \/>\n<meta property=\"og:type\" content=\"article\" \/>\n<meta property=\"og:title\" content=\"Impressum\" \/>\n<meta property=\"og:description\" content=\"First Citiz GmbH ist eine Immobilienagentur mit Sitz in Berlin. Registergericht: Amtsgericht Charlottenburg, HR-Nr. HRB 158620 B\" \/>\n<meta property=\"og:url\" content=\"https:\/\/clone.firstcitiz.com\/de\/impressum\" \/>\n<meta property=\"og:site_name\" content=\"First Citiz Berlin\" \/>\n<meta property=\"article:publisher\" content=\"https:\/\/www.facebook.com\/firstcitiz\/\" \/>\n<meta property=\"article:modified_time\" content=\"2023-10-12T17:37:54+00:00\" \/>\n<meta name=\"twitter:label1\" content=\"Gesch\u00e4tzte Lesezeit\" \/>\n\t<meta name=\"twitter:data1\" content=\"1\u00a0Minute\" \/>\n<script type=\"application\/ld+json\" class=\"yoast-schema-graph\">{\"@context\":\"https:\\\/\\\/schema.org\",\"@graph\":[{\"@type\":\"WebPage\",\"@id\":\"https:\\\/\\\/clone.firstcitiz.com\\\/de\\\/impressum\",\"url\":\"https:\\\/\\\/clone.firstcitiz.com\\\/de\\\/impressum\",\"name\":\"Impressum | First Citiz Berlin\",\"isPartOf\":{\"@id\":\"https:\\\/\\\/clone.firstcitiz.com\\\/#website\"},\"datePublished\":\"2020-04-29T13:16:53+00:00\",\"dateModified\":\"2023-10-12T17:37:54+00:00\",\"description\":\"First Citiz GmbH ist eine Immobilienagentur mit Sitz in Berlin. Registergericht: Amtsgericht Charlottenburg, HR-Nr. HRB 158620 B\",\"breadcrumb\":{\"@id\":\"https:\\\/\\\/clone.firstcitiz.com\\\/de\\\/impressum#breadcrumb\"},\"inLanguage\":\"de\",\"potentialAction\":[{\"@type\":\"ReadAction\",\"target\":[\"https:\\\/\\\/clone.firstcitiz.com\\\/de\\\/impressum\"]}]},{\"@type\":\"BreadcrumbList\",\"@id\":\"https:\\\/\\\/clone.firstcitiz.com\\\/de\\\/impressum#breadcrumb\",\"itemListElement\":[{\"@type\":\"ListItem\",\"position\":1,\"name\":\"Home\",\"item\":\"https:\\\/\\\/clone.firstcitiz.com\\\/de\"},{\"@type\":\"ListItem\",\"position\":2,\"name\":\"Impressum\"}]},{\"@type\":\"WebSite\",\"@id\":\"https:\\\/\\\/clone.firstcitiz.com\\\/#website\",\"url\":\"https:\\\/\\\/clone.firstcitiz.com\\\/\",\"name\":\"First Citiz Berlin\",\"description\":\"International real estate agency | Berlin apartments &amp; properties for sale\",\"publisher\":{\"@id\":\"https:\\\/\\\/clone.firstcitiz.com\\\/#organization\"},\"potentialAction\":[{\"@type\":\"SearchAction\",\"target\":{\"@type\":\"EntryPoint\",\"urlTemplate\":\"https:\\\/\\\/clone.firstcitiz.com\\\/?s={search_term_string}\"},\"query-input\":{\"@type\":\"PropertyValueSpecification\",\"valueRequired\":true,\"valueName\":\"search_term_string\"}}],\"inLanguage\":\"de\"},{\"@type\":\"Organization\",\"@id\":\"https:\\\/\\\/clone.firstcitiz.com\\\/#organization\",\"name\":\"First Citiz Berlin\",\"url\":\"https:\\\/\\\/clone.firstcitiz.com\\\/\",\"logo\":{\"@type\":\"ImageObject\",\"inLanguage\":\"de\",\"@id\":\"https:\\\/\\\/clone.firstcitiz.com\\\/#\\\/schema\\\/logo\\\/image\\\/\",\"url\":\"https:\\\/\\\/clone.firstcitiz.com\\\/wp-content\\\/uploads\\\/2019\\\/10\\\/icon.png\",\"contentUrl\":\"https:\\\/\\\/clone.firstcitiz.com\\\/wp-content\\\/uploads\\\/2019\\\/10\\\/icon.png\",\"width\":512,\"height\":512,\"caption\":\"First Citiz Berlin\"},\"image\":{\"@id\":\"https:\\\/\\\/clone.firstcitiz.com\\\/#\\\/schema\\\/logo\\\/image\\\/\"},\"sameAs\":[\"https:\\\/\\\/www.facebook.com\\\/firstcitiz\\\/\"]}]}<\/script>\n<!-- \/ Yoast SEO Premium plugin. -->","yoast_head_json":{"title":"Impressum | First Citiz Berlin","description":"First Citiz GmbH ist eine Immobilienagentur mit Sitz in Berlin. Registergericht: Amtsgericht Charlottenburg, HR-Nr. HRB 158620 B","robots":{"index":"index","follow":"follow","max-snippet":"max-snippet:-1","max-image-preview":"max-image-preview:large","max-video-preview":"max-video-preview:-1"},"canonical":"https:\/\/clone.firstcitiz.com\/de\/impressum","og_locale":"de_DE","og_type":"article","og_title":"Impressum","og_description":"First Citiz GmbH ist eine Immobilienagentur mit Sitz in Berlin. Registergericht: Amtsgericht Charlottenburg, HR-Nr. HRB 158620 B","og_url":"https:\/\/clone.firstcitiz.com\/de\/impressum","og_site_name":"First Citiz Berlin","article_publisher":"https:\/\/www.facebook.com\/firstcitiz\/","article_modified_time":"2023-10-12T17:37:54+00:00","twitter_misc":{"Gesch\u00e4tzte Lesezeit":"1\u00a0Minute"},"schema":{"@context":"https:\/\/schema.org","@graph":[{"@type":"WebPage","@id":"https:\/\/clone.firstcitiz.com\/de\/impressum","url":"https:\/\/clone.firstcitiz.com\/de\/impressum","name":"Impressum | First Citiz Berlin","isPartOf":{"@id":"https:\/\/clone.firstcitiz.com\/#website"},"datePublished":"2020-04-29T13:16:53+00:00","dateModified":"2023-10-12T17:37:54+00:00","description":"First Citiz GmbH ist eine Immobilienagentur mit Sitz in Berlin. Registergericht: Amtsgericht Charlottenburg, HR-Nr. HRB 158620 B","breadcrumb":{"@id":"https:\/\/clone.firstcitiz.com\/de\/impressum#breadcrumb"},"inLanguage":"de","potentialAction":[{"@type":"ReadAction","target":["https:\/\/clone.firstcitiz.com\/de\/impressum"]}]},{"@type":"BreadcrumbList","@id":"https:\/\/clone.firstcitiz.com\/de\/impressum#breadcrumb","itemListElement":[{"@type":"ListItem","position":1,"name":"Home","item":"https:\/\/clone.firstcitiz.com\/de"},{"@type":"ListItem","position":2,"name":"Impressum"}]},{"@type":"WebSite","@id":"https:\/\/clone.firstcitiz.com\/#website","url":"https:\/\/clone.firstcitiz.com\/","name":"First Citiz Berlin","description":"International real estate agency | Berlin apartments &amp; properties for sale","publisher":{"@id":"https:\/\/clone.firstcitiz.com\/#organization"},"potentialAction":[{"@type":"SearchAction","target":{"@type":"EntryPoint","urlTemplate":"https:\/\/clone.firstcitiz.com\/?s={search_term_string}"},"query-input":{"@type":"PropertyValueSpecification","valueRequired":true,"valueName":"search_term_string"}}],"inLanguage":"de"},{"@type":"Organization","@id":"https:\/\/clone.firstcitiz.com\/#organization","name":"First Citiz Berlin","url":"https:\/\/clone.firstcitiz.com\/","logo":{"@type":"ImageObject","inLanguage":"de","@id":"https:\/\/clone.firstcitiz.com\/#\/schema\/logo\/image\/","url":"https:\/\/clone.firstcitiz.com\/wp-content\/uploads\/2019\/10\/icon.png","contentUrl":"https:\/\/clone.firstcitiz.com\/wp-content\/uploads\/2019\/10\/icon.png","width":512,"height":512,"caption":"First Citiz Berlin"},"image":{"@id":"https:\/\/clone.firstcitiz.com\/#\/schema\/logo\/image\/"},"sameAs":["https:\/\/www.facebook.com\/firstcitiz\/"]}]}},"_links":{"self":[{"href":"https:\/\/clone.firstcitiz.com\/de\/wp-json\/wp\/v2\/pages\/20537","targetHints":{"allow":["GET"]}}],"collection":[{"href":"https:\/\/clone.firstcitiz.com\/de\/wp-json\/wp\/v2\/pages"}],"about":[{"href":"https:\/\/clone.firstcitiz.com\/de\/wp-json\/wp\/v2\/types\/page"}],"author":[{"embeddable":true,"href":"https:\/\/clone.firstcitiz.com\/de\/wp-json\/wp\/v2\/users\/1"}],"replies":[{"embeddable":true,"href":"https:\/\/clone.firstcitiz.com\/de\/wp-json\/wp\/v2\/comments?post=20537"}],"version-history":[{"count":2,"href":"https:\/\/clone.firstcitiz.com\/de\/wp-json\/wp\/v2\/pages\/20537\/revisions"}],"predecessor-version":[{"id":1345562,"href":"https:\/\/clone.firstcitiz.com\/de\/wp-json\/wp\/v2\/pages\/20537\/revisions\/1345562"}],"wp:attachment":[{"href":"https:\/\/clone.firstcitiz.com\/de\/wp-json\/wp\/v2\/media?parent=20537"}],"curies":[{"name":"wp","href":"https:\/\/api.w.org\/{rel}","templated":true}]}}