{"id":804144,"date":"2022-02-21T13:09:47","date_gmt":"2022-02-21T12:09:47","guid":{"rendered":"https:\/\/www.firstcitiz.com\/?page_id=804144"},"modified":"2022-02-21T13:10:56","modified_gmt":"2022-02-21T12:10:56","slug":"contact","status":"publish","type":"page","link":"https:\/\/clone.firstcitiz.com\/fr\/contact","title":{"rendered":"Nous contacter"},"content":{"rendered":"\n<h1 style=\"text-align: center;\"><span style=\"color: #ff6600;\"><strong>Bienvenue \u00e0 l&#8217;agence First Citiz Berlin!<\/strong><\/span><\/h1>\n<p style=\"text-align: center;\"><strong>Besoin un conseil professionnel pour l&#8217;achat ou la vente d&#8217;un bien immobilier \u00e0 Berlin ?<\/strong><\/p>\n<p style=\"text-align: center;\"><strong>Vous \u00eates \u00e0 la bonne adresse !<\/strong><\/p>\n\n\n\n<div class=\"wp-block-columns is-layout-flex wp-container-core-columns-is-layout-9d6595d7 wp-block-columns-is-layout-flex\">\n<div class=\"wp-block-column is-layout-flow wp-block-column-is-layout-flow\"><style id=\"wpforms-css-vars-449712\">\n\t\t\t\t#wpforms-449712 {\n\t\t\t\t\n\t\t\t}\n\t\t\t<\/style><div class=\"wpforms-container wpforms-container-full wpforms-render-modern\" id=\"wpforms-449712\"><form id=\"wpforms-form-449712\" class=\"wpforms-validate wpforms-form\" data-formid=\"449712\" method=\"post\" enctype=\"multipart\/form-data\" action=\"\/fr\/wp-json\/wp\/v2\/pages\/804144\" data-token=\"c382ea97c8f4028a0ca0b2efe7edf289\" data-token-time=\"1775649297\"><div class=\"wpforms-head-container\"><div class=\"wpforms-title\">NOUS CONTACTER<\/div><\/div><noscript class=\"wpforms-error-noscript\">Veuillez activer JavaScript dans votre navigateur pour remplir ce formulaire.<\/noscript><div id=\"wpforms-error-noscript\" style=\"display: none;\">Veuillez activer JavaScript dans votre navigateur pour remplir ce formulaire.<\/div><div class=\"wpforms-field-container\"><div id=\"wpforms-449712-field_0-container\" class=\"wpforms-field wpforms-field-name\" data-field-id=\"0\"><label class=\"wpforms-field-label wpforms-label-hide\" for=\"wpforms-449712-field_0\" aria-hidden=\"false\">Nom <span class=\"wpforms-required-label\" aria-hidden=\"true\">*<\/span><\/label><input type=\"text\" id=\"wpforms-449712-field_0\" class=\"wpforms-field-large wpforms-field-required\" name=\"wpforms[fields][0]\" placeholder=\"Nom*\" aria-errormessage=\"wpforms-449712-field_0-error\" required><\/div><div id=\"wpforms-449712-field_1-container\" class=\"wpforms-field wpforms-field-email\" data-field-id=\"1\"><label class=\"wpforms-field-label wpforms-label-hide\" for=\"wpforms-449712-field_1\" aria-hidden=\"false\">Email <span class=\"wpforms-required-label\" aria-hidden=\"true\">*<\/span><\/label><input type=\"email\" id=\"wpforms-449712-field_1\" class=\"wpforms-field-large wpforms-field-required\" name=\"wpforms[fields][1]\" placeholder=\"Email*\" spellcheck=\"false\" aria-errormessage=\"wpforms-449712-field_1-error\" required><\/div><div id=\"wpforms-449712-field_5-container\" class=\"wpforms-field wpforms-field-number\" data-field-id=\"5\"><label class=\"wpforms-field-label wpforms-label-hide\" for=\"wpforms-449712-field_5\" aria-hidden=\"false\">Telephone*<\/label><input type=\"number\" id=\"wpforms-449712-field_5\" class=\"wpforms-field-large\" name=\"wpforms[fields][5]\" placeholder=\"T\u00e9l\u00e9phone\" step=\"any\" aria-errormessage=\"wpforms-449712-field_5-error\" ><\/div><div id=\"wpforms-449712-field_4-container\" class=\"wpforms-field wpforms-field-textarea\" data-field-id=\"4\"><label class=\"wpforms-field-label wpforms-label-hide\" for=\"wpforms-449712-field_4\" aria-hidden=\"false\">Votre message <span class=\"wpforms-required-label\" aria-hidden=\"true\">*<\/span><\/label><textarea id=\"wpforms-449712-field_4\" class=\"wpforms-field-medium wpforms-field-required\" name=\"wpforms[fields][4]\" placeholder=\"Votre message\" aria-errormessage=\"wpforms-449712-field_4-error\" required><\/textarea><\/div><div id=\"wpforms-449712-field_6-container\" class=\"wpforms-field wpforms-field-gdpr-checkbox\" data-field-id=\"6\"><label class=\"wpforms-field-label wpforms-label-hide\" aria-hidden=\"false\">GDPR Agreement <span class=\"wpforms-required-label\" aria-hidden=\"true\">*<\/span><\/label><ul id=\"wpforms-449712-field_6\" class=\"wpforms-field-required\"><li class=\"choice-1\"><input type=\"checkbox\" id=\"wpforms-449712-field_6_1\" name=\"wpforms[fields][6][]\" value=\"Je confirme avoir pris connaissance et accept\u00e9 les &lt;a href=&quot;https:\/\/clone.firstcitiz.com\/fr\/politique-de-protection-des-donnees&quot;&gt; conditions de la politique de confidentialit\u00e9 &lt;\/a&gt;. J&#039;accepte le stockage et l&#039;utilisation de mes donn\u00e9es personnelles dans le but de traiter ma demande de rappel.\" aria-errormessage=\"wpforms-449712-field_6_1-error\" required ><label class=\"wpforms-field-label-inline\" for=\"wpforms-449712-field_6_1\">Je confirme avoir pris connaissance et accept\u00e9 les <a href=\"https:\/\/clone.firstcitiz.com\/fr\/politique-de-protection-des-donnees\"> conditions de la politique de confidentialit\u00e9 <\/a>. J'accepte le stockage et l'utilisation de mes donn\u00e9es personnelles dans le but de traiter ma demande de rappel. <span class=\"wpforms-required-label\" aria-hidden=\"true\">*<\/span><\/label><\/li><\/ul><\/div><\/div><!-- .wpforms-field-container --><div class=\"wpforms-submit-container\" ><input type=\"hidden\" name=\"wpforms[id]\" value=\"449712\"><input type=\"hidden\" name=\"page_title\" value=\"\"><input type=\"hidden\" name=\"page_url\" value=\"https:\/\/clone.firstcitiz.com\/fr\/wp-json\/wp\/v2\/pages\/804144\"><input type=\"hidden\" name=\"url_referer\" value=\"\"><button type=\"submit\" name=\"wpforms[submit]\" id=\"wpforms-submit-449712\" class=\"wpforms-submit\" data-alt-text=\"Envoi en cours...\" data-submit-text=\"ENVOYER\" aria-live=\"assertive\" value=\"wpforms-submit\">ENVOYER<\/button><\/div><input type=\"hidden\" id=\"ct_checkjs_wpforms_acc3e0404646c57502b480dc052c4fe1\" name=\"ct_checkjs_wpforms\" value=\"0\" \/><input\n                    class=\"apbct_special_field apbct_email_id__wp_wpforms\"\n                    name=\"apbct__email_id__wp_wpforms\"\n                    aria-label=\"apbct__label_id__wp_wpforms\"\n                    type=\"text\" size=\"30\" maxlength=\"200\" autocomplete=\"off\"\n                    value=\"\"\n                \/><\/form><\/div>  <!-- .wpforms-container -->\n<\/div>\n\n\n\n<div class=\"wp-block-column is-layout-flow wp-block-column-is-layout-flow\">\n<div class=\"wp-block-image\"><figure class=\"aligncenter size-full is-resized\"><img loading=\"lazy\" decoding=\"async\" src=\"https:\/\/clone.firstcitiz.com\/wp-content\/uploads\/2022\/02\/Logo_FirstCitiz.png\" alt=\"Logo First Citiz\" class=\"wp-image-803829\" width=\"220\" height=\"144\" srcset=\"https:\/\/clone.firstcitiz.com\/wp-content\/uploads\/2022\/02\/Logo_FirstCitiz.png 531w, https:\/\/clone.firstcitiz.com\/wp-content\/uploads\/2022\/02\/Logo_FirstCitiz-300x197.png 300w, https:\/\/clone.firstcitiz.com\/wp-content\/uploads\/2022\/02\/Logo_FirstCitiz-100x66.png 100w, https:\/\/clone.firstcitiz.com\/wp-content\/uploads\/2022\/02\/Logo_FirstCitiz-360x236.png 360w, https:\/\/clone.firstcitiz.com\/wp-content\/uploads\/2022\/02\/Logo_FirstCitiz-475x311.png 475w\" sizes=\"auto, (max-width: 220px) 100vw, 220px\" \/><\/figure><\/div>\n\n\n\n<div class=\"wp-block-image\"><figure class=\"alignleft size-full is-resized\"><img loading=\"lazy\" decoding=\"async\" src=\"https:\/\/clone.firstcitiz.com\/wp-content\/uploads\/2022\/02\/Contact-First-Citiz.png\" alt=\"Contact First Citiz\" class=\"wp-image-803776\" width=\"470\" height=\"291\" srcset=\"https:\/\/clone.firstcitiz.com\/wp-content\/uploads\/2022\/02\/Contact-First-Citiz.png 607w, https:\/\/clone.firstcitiz.com\/wp-content\/uploads\/2022\/02\/Contact-First-Citiz-300x186.png 300w, https:\/\/clone.firstcitiz.com\/wp-content\/uploads\/2022\/02\/Contact-First-Citiz-100x62.png 100w, https:\/\/clone.firstcitiz.com\/wp-content\/uploads\/2022\/02\/Contact-First-Citiz-360x223.png 360w, https:\/\/clone.firstcitiz.com\/wp-content\/uploads\/2022\/02\/Contact-First-Citiz-475x294.png 475w\" sizes=\"auto, (max-width: 470px) 100vw, 470px\" \/><\/figure><\/div>\n\n\n\n<p><\/p>\n<\/div>\n<\/div>\n\n\n\n<div class=\"wp-block-buttons is-content-justification-center is-layout-flex wp-block-buttons-is-layout-flex\">\n<div class=\"wp-block-button is-style-outline is-style-outline--1\"><a class=\"wp-block-button__link has-black-color has-white-background-color has-text-color has-background\" href=\"https:\/\/www.google.com\/maps\/place\/First+Citiz+Berlin\/@52.5426905,13.4121617,17z\/data=!3m1!4b1!4m5!3m4!1s0x47a852002e244151:0x9917d20b3f8343de!8m2!3d52.5426905!4d13.4143504?hl=de\"><strong>Voir itin\u00e9raire sur Google Maps<\/strong><\/a><\/div>\n<\/div>\n\n\n\n<p><\/p>\n","protected":false},"excerpt":{"rendered":"<p>Bienvenue \u00e0 l&#8217;agence First Citiz Berlin! Besoin un conseil professionnel pour l&#8217;achat ou la vente d&#8217;un bien immobilier \u00e0 Berlin ? Vous \u00eates \u00e0 la bonne adresse !<\/p>\n","protected":false},"author":4,"featured_media":0,"parent":0,"menu_order":0,"comment_status":"closed","ping_status":"closed","template":"","meta":{"footnotes":""},"class_list":["post-804144","page","type-page","status-publish"],"yoast_head":"<!-- This site is optimized with the Yoast SEO Premium plugin v22.3 (Yoast SEO v27.3) - https:\/\/yoast.com\/product\/yoast-seo-premium-wordpress\/ -->\n<title>Contacter notre agence immobili\u00e8re | First Citiz Berlin<\/title>\n<meta name=\"description\" content=\"Besoin d&#039;information ou de conseil professionnel en immobilier, notre \u00e9quipe d&#039;experts en immobilier \u00e0 Berlin vous recontacte !\" \/>\n<meta name=\"robots\" content=\"index, follow, max-snippet:-1, max-image-preview:large, max-video-preview:-1\" \/>\n<link rel=\"canonical\" href=\"https:\/\/clone.firstcitiz.com\/fr\/contact\" \/>\n<meta property=\"og:locale\" content=\"fr_FR\" \/>\n<meta property=\"og:type\" content=\"article\" \/>\n<meta property=\"og:title\" content=\"Nous contacter\" \/>\n<meta property=\"og:description\" content=\"Besoin d&#039;information ou de conseil professionnel en immobilier, notre \u00e9quipe d&#039;experts en immobilier \u00e0 Berlin vous recontacte !\" \/>\n<meta property=\"og:url\" content=\"https:\/\/clone.firstcitiz.com\/fr\/contact\" \/>\n<meta property=\"og:site_name\" content=\"First Citiz Berlin\" \/>\n<meta property=\"article:publisher\" content=\"https:\/\/www.facebook.com\/firstcitiz\/\" \/>\n<meta property=\"article:modified_time\" content=\"2022-02-21T12:10:56+00:00\" \/>\n<meta property=\"og:image\" content=\"https:\/\/clone.firstcitiz.com\/wp-content\/uploads\/2022\/02\/Logo_FirstCitiz.png\" \/>\n<meta name=\"twitter:label1\" content=\"Dur\u00e9e de lecture estim\u00e9e\" \/>\n\t<meta name=\"twitter:data1\" content=\"1 minute\" \/>\n<script type=\"application\/ld+json\" class=\"yoast-schema-graph\">{\"@context\":\"https:\\\/\\\/schema.org\",\"@graph\":[{\"@type\":\"WebPage\",\"@id\":\"https:\\\/\\\/clone.firstcitiz.com\\\/fr\\\/contact\",\"url\":\"https:\\\/\\\/clone.firstcitiz.com\\\/fr\\\/contact\",\"name\":\"Contacter notre agence immobili\u00e8re | First Citiz Berlin\",\"isPartOf\":{\"@id\":\"https:\\\/\\\/clone.firstcitiz.com\\\/#website\"},\"primaryImageOfPage\":{\"@id\":\"https:\\\/\\\/clone.firstcitiz.com\\\/fr\\\/contact#primaryimage\"},\"image\":{\"@id\":\"https:\\\/\\\/clone.firstcitiz.com\\\/fr\\\/contact#primaryimage\"},\"thumbnailUrl\":\"https:\\\/\\\/clone.firstcitiz.com\\\/wp-content\\\/uploads\\\/2022\\\/02\\\/Logo_FirstCitiz.png\",\"datePublished\":\"2022-02-21T12:09:47+00:00\",\"dateModified\":\"2022-02-21T12:10:56+00:00\",\"description\":\"Besoin d'information ou de conseil professionnel en immobilier, notre \u00e9quipe d'experts en immobilier \u00e0 Berlin vous recontacte !\",\"breadcrumb\":{\"@id\":\"https:\\\/\\\/clone.firstcitiz.com\\\/fr\\\/contact#breadcrumb\"},\"inLanguage\":\"fr-FR\",\"potentialAction\":[{\"@type\":\"ReadAction\",\"target\":[\"https:\\\/\\\/clone.firstcitiz.com\\\/fr\\\/contact\"]}]},{\"@type\":\"ImageObject\",\"inLanguage\":\"fr-FR\",\"@id\":\"https:\\\/\\\/clone.firstcitiz.com\\\/fr\\\/contact#primaryimage\",\"url\":\"https:\\\/\\\/clone.firstcitiz.com\\\/wp-content\\\/uploads\\\/2022\\\/02\\\/Logo_FirstCitiz.png\",\"contentUrl\":\"https:\\\/\\\/clone.firstcitiz.com\\\/wp-content\\\/uploads\\\/2022\\\/02\\\/Logo_FirstCitiz.png\"},{\"@type\":\"BreadcrumbList\",\"@id\":\"https:\\\/\\\/clone.firstcitiz.com\\\/fr\\\/contact#breadcrumb\",\"itemListElement\":[{\"@type\":\"ListItem\",\"position\":1,\"name\":\"Home\",\"item\":\"https:\\\/\\\/clone.firstcitiz.com\\\/fr\"},{\"@type\":\"ListItem\",\"position\":2,\"name\":\"Nous contacter\"}]},{\"@type\":\"WebSite\",\"@id\":\"https:\\\/\\\/clone.firstcitiz.com\\\/#website\",\"url\":\"https:\\\/\\\/clone.firstcitiz.com\\\/\",\"name\":\"First Citiz Berlin\",\"description\":\"International real estate agency | Berlin apartments &amp; properties for sale\",\"publisher\":{\"@id\":\"https:\\\/\\\/clone.firstcitiz.com\\\/#organization\"},\"potentialAction\":[{\"@type\":\"SearchAction\",\"target\":{\"@type\":\"EntryPoint\",\"urlTemplate\":\"https:\\\/\\\/clone.firstcitiz.com\\\/?s={search_term_string}\"},\"query-input\":{\"@type\":\"PropertyValueSpecification\",\"valueRequired\":true,\"valueName\":\"search_term_string\"}}],\"inLanguage\":\"fr-FR\"},{\"@type\":\"Organization\",\"@id\":\"https:\\\/\\\/clone.firstcitiz.com\\\/#organization\",\"name\":\"First Citiz Berlin\",\"url\":\"https:\\\/\\\/clone.firstcitiz.com\\\/\",\"logo\":{\"@type\":\"ImageObject\",\"inLanguage\":\"fr-FR\",\"@id\":\"https:\\\/\\\/clone.firstcitiz.com\\\/#\\\/schema\\\/logo\\\/image\\\/\",\"url\":\"https:\\\/\\\/clone.firstcitiz.com\\\/wp-content\\\/uploads\\\/2019\\\/10\\\/icon.png\",\"contentUrl\":\"https:\\\/\\\/clone.firstcitiz.com\\\/wp-content\\\/uploads\\\/2019\\\/10\\\/icon.png\",\"width\":512,\"height\":512,\"caption\":\"First Citiz Berlin\"},\"image\":{\"@id\":\"https:\\\/\\\/clone.firstcitiz.com\\\/#\\\/schema\\\/logo\\\/image\\\/\"},\"sameAs\":[\"https:\\\/\\\/www.facebook.com\\\/firstcitiz\\\/\"]}]}<\/script>\n<!-- \/ Yoast SEO Premium plugin. -->","yoast_head_json":{"title":"Contacter notre agence immobili\u00e8re | First Citiz Berlin","description":"Besoin d'information ou de conseil professionnel en immobilier, notre \u00e9quipe d'experts en immobilier \u00e0 Berlin vous recontacte !","robots":{"index":"index","follow":"follow","max-snippet":"max-snippet:-1","max-image-preview":"max-image-preview:large","max-video-preview":"max-video-preview:-1"},"canonical":"https:\/\/clone.firstcitiz.com\/fr\/contact","og_locale":"fr_FR","og_type":"article","og_title":"Nous contacter","og_description":"Besoin d'information ou de conseil professionnel en immobilier, notre \u00e9quipe d'experts en immobilier \u00e0 Berlin vous recontacte !","og_url":"https:\/\/clone.firstcitiz.com\/fr\/contact","og_site_name":"First Citiz Berlin","article_publisher":"https:\/\/www.facebook.com\/firstcitiz\/","article_modified_time":"2022-02-21T12:10:56+00:00","og_image":[{"url":"https:\/\/clone.firstcitiz.com\/wp-content\/uploads\/2022\/02\/Logo_FirstCitiz.png","type":"","width":"","height":""}],"twitter_misc":{"Dur\u00e9e de lecture estim\u00e9e":"1 minute"},"schema":{"@context":"https:\/\/schema.org","@graph":[{"@type":"WebPage","@id":"https:\/\/clone.firstcitiz.com\/fr\/contact","url":"https:\/\/clone.firstcitiz.com\/fr\/contact","name":"Contacter notre agence immobili\u00e8re | First Citiz Berlin","isPartOf":{"@id":"https:\/\/clone.firstcitiz.com\/#website"},"primaryImageOfPage":{"@id":"https:\/\/clone.firstcitiz.com\/fr\/contact#primaryimage"},"image":{"@id":"https:\/\/clone.firstcitiz.com\/fr\/contact#primaryimage"},"thumbnailUrl":"https:\/\/clone.firstcitiz.com\/wp-content\/uploads\/2022\/02\/Logo_FirstCitiz.png","datePublished":"2022-02-21T12:09:47+00:00","dateModified":"2022-02-21T12:10:56+00:00","description":"Besoin d'information ou de conseil professionnel en immobilier, notre \u00e9quipe d'experts en immobilier \u00e0 Berlin vous recontacte !","breadcrumb":{"@id":"https:\/\/clone.firstcitiz.com\/fr\/contact#breadcrumb"},"inLanguage":"fr-FR","potentialAction":[{"@type":"ReadAction","target":["https:\/\/clone.firstcitiz.com\/fr\/contact"]}]},{"@type":"ImageObject","inLanguage":"fr-FR","@id":"https:\/\/clone.firstcitiz.com\/fr\/contact#primaryimage","url":"https:\/\/clone.firstcitiz.com\/wp-content\/uploads\/2022\/02\/Logo_FirstCitiz.png","contentUrl":"https:\/\/clone.firstcitiz.com\/wp-content\/uploads\/2022\/02\/Logo_FirstCitiz.png"},{"@type":"BreadcrumbList","@id":"https:\/\/clone.firstcitiz.com\/fr\/contact#breadcrumb","itemListElement":[{"@type":"ListItem","position":1,"name":"Home","item":"https:\/\/clone.firstcitiz.com\/fr"},{"@type":"ListItem","position":2,"name":"Nous contacter"}]},{"@type":"WebSite","@id":"https:\/\/clone.firstcitiz.com\/#website","url":"https:\/\/clone.firstcitiz.com\/","name":"First Citiz Berlin","description":"International real estate agency | Berlin apartments &amp; properties for sale","publisher":{"@id":"https:\/\/clone.firstcitiz.com\/#organization"},"potentialAction":[{"@type":"SearchAction","target":{"@type":"EntryPoint","urlTemplate":"https:\/\/clone.firstcitiz.com\/?s={search_term_string}"},"query-input":{"@type":"PropertyValueSpecification","valueRequired":true,"valueName":"search_term_string"}}],"inLanguage":"fr-FR"},{"@type":"Organization","@id":"https:\/\/clone.firstcitiz.com\/#organization","name":"First Citiz Berlin","url":"https:\/\/clone.firstcitiz.com\/","logo":{"@type":"ImageObject","inLanguage":"fr-FR","@id":"https:\/\/clone.firstcitiz.com\/#\/schema\/logo\/image\/","url":"https:\/\/clone.firstcitiz.com\/wp-content\/uploads\/2019\/10\/icon.png","contentUrl":"https:\/\/clone.firstcitiz.com\/wp-content\/uploads\/2019\/10\/icon.png","width":512,"height":512,"caption":"First Citiz Berlin"},"image":{"@id":"https:\/\/clone.firstcitiz.com\/#\/schema\/logo\/image\/"},"sameAs":["https:\/\/www.facebook.com\/firstcitiz\/"]}]}},"_links":{"self":[{"href":"https:\/\/clone.firstcitiz.com\/fr\/wp-json\/wp\/v2\/pages\/804144","targetHints":{"allow":["GET"]}}],"collection":[{"href":"https:\/\/clone.firstcitiz.com\/fr\/wp-json\/wp\/v2\/pages"}],"about":[{"href":"https:\/\/clone.firstcitiz.com\/fr\/wp-json\/wp\/v2\/types\/page"}],"author":[{"embeddable":true,"href":"https:\/\/clone.firstcitiz.com\/fr\/wp-json\/wp\/v2\/users\/4"}],"replies":[{"embeddable":true,"href":"https:\/\/clone.firstcitiz.com\/fr\/wp-json\/wp\/v2\/comments?post=804144"}],"version-history":[{"count":1,"href":"https:\/\/clone.firstcitiz.com\/fr\/wp-json\/wp\/v2\/pages\/804144\/revisions"}],"predecessor-version":[{"id":804146,"href":"https:\/\/clone.firstcitiz.com\/fr\/wp-json\/wp\/v2\/pages\/804144\/revisions\/804146"}],"wp:attachment":[{"href":"https:\/\/clone.firstcitiz.com\/fr\/wp-json\/wp\/v2\/media?parent=804144"}],"curies":[{"name":"wp","href":"https:\/\/api.w.org\/{rel}","templated":true}]}}